{"id":13,"date":"2023-11-10T15:35:09","date_gmt":"2023-11-10T15:35:09","guid":{"rendered":"https:\/\/www.falai.it\/?page_id=13"},"modified":"2024-11-11T15:52:04","modified_gmt":"2024-11-11T15:52:04","slug":"chi-siamo-2","status":"publish","type":"page","link":"https:\/\/www.falai.it\/?page_id=13","title":{"rendered":"Chi siamo"},"content":{"rendered":"\n<p><strong>Federico Falai<\/strong> amministratore unico iscritto Anaci n. 1793<\/p>\n\n\n\n<p><strong>Fiorella Falai<\/strong> socio<\/p>\n\n\n\n<p><strong>Lucia Crescioli <\/strong>socio e agente immobiliare iscritta REA-FI\/592713<\/p>\n\n\n\n<p><strong>Annachiara Falai<\/strong> socio e architetto iscritto Albo n. 7157 Firenze<\/p>\n\n\n\n<p><strong>Cristina Chiti <\/strong>contabilit\u00e0 e assistenza informatica<\/p>\n\n\n\n<p><strong>Michela Fontani<\/strong> segreteria e contabilit\u00e0<\/p>\n\n\n\n<p><strong>Paola Galeotti <\/strong>segreteria e contabilit\u00e0<\/p>\n","protected":false},"excerpt":{"rendered":"<p>Federico Falai amministratore unico iscritto Anaci n. 1793 Fiorella Falai socio Lucia Crescioli socio e agente immobiliare iscritta REA-FI\/592713 Annachiara Falai socio e architetto iscritto Albo n. 7157 Firenze Cristina Chiti contabilit\u00e0 e assistenza informatica Michela Fontani segreteria e contabilit\u00e0 Paola Galeotti segreteria e contabilit\u00e0<\/p>\n","protected":false},"author":1,"featured_media":0,"parent":0,"menu_order":0,"comment_status":"closed","ping_status":"closed","template":"","meta":{"footnotes":""},"class_list":["post-13","page","type-page","status-publish","hentry"],"_links":{"self":[{"href":"https:\/\/www.falai.it\/index.php?rest_route=\/wp\/v2\/pages\/13"}],"collection":[{"href":"https:\/\/www.falai.it\/index.php?rest_route=\/wp\/v2\/pages"}],"about":[{"href":"https:\/\/www.falai.it\/index.php?rest_route=\/wp\/v2\/types\/page"}],"author":[{"embeddable":true,"href":"https:\/\/www.falai.it\/index.php?rest_route=\/wp\/v2\/users\/1"}],"replies":[{"embeddable":true,"href":"https:\/\/www.falai.it\/index.php?rest_route=%2Fwp%2Fv2%2Fcomments&post=13"}],"version-history":[{"count":7,"href":"https:\/\/www.falai.it\/index.php?rest_route=\/wp\/v2\/pages\/13\/revisions"}],"predecessor-version":[{"id":341,"href":"https:\/\/www.falai.it\/index.php?rest_route=\/wp\/v2\/pages\/13\/revisions\/341"}],"wp:attachment":[{"href":"https:\/\/www.falai.it\/index.php?rest_route=%2Fwp%2Fv2%2Fmedia&parent=13"}],"curies":[{"name":"wp","href":"https:\/\/api.w.org\/{rel}","templated":true}]}}