{"id":176,"date":"2024-09-17T14:57:53","date_gmt":"2024-09-17T14:57:53","guid":{"rendered":"https:\/\/www.falai.it\/?page_id=176"},"modified":"2024-11-29T11:56:59","modified_gmt":"2024-11-29T11:56:59","slug":"un-po-di-storia","status":"publish","type":"page","link":"https:\/\/www.falai.it\/?page_id=176","title":{"rendered":"Un po&#8217; di storia&#8230;"},"content":{"rendered":"\n<p>Lo Studio Falai s.r.l. \u00e8 uno studio di amministrazione e gestione di patrimoni immobiliari situato a Firenze, con una storia che risale al 1935. Fondato da Olinto Falai, lo studio \u00e8 ora giunto alla quarta generazione, mantenendo una reputazione di affidabilit\u00e0 e professionalit\u00e0. Sin dalla sua fondazione, lo Studio Falai ha costruito una solida base di clienti grazie alla sua dedizione e competenza nel settore immobiliare. La tradizione familiare ha permesso di tramandare conoscenze e valori, garantendo continuit\u00e0 e fiducia nel tempo.<\/p>\n\n\n\n<figure class=\"wp-block-image size-large is-resized is-style-default wp-duotone-unset-1\"><img loading=\"lazy\" decoding=\"async\" width=\"401\" height=\"1024\" src=\"https:\/\/www.falai.it\/wp-content\/uploads\/2024\/11\/Olinto_Falai-401x1024.jpg\" alt=\"\" class=\"wp-image-348\" style=\"width:167px;height:auto\" srcset=\"https:\/\/www.falai.it\/wp-content\/uploads\/2024\/11\/Olinto_Falai-401x1024.jpg 401w, https:\/\/www.falai.it\/wp-content\/uploads\/2024\/11\/Olinto_Falai-117x300.jpg 117w, https:\/\/www.falai.it\/wp-content\/uploads\/2024\/11\/Olinto_Falai-768x1961.jpg 768w, https:\/\/www.falai.it\/wp-content\/uploads\/2024\/11\/Olinto_Falai-602x1536.jpg 602w, https:\/\/www.falai.it\/wp-content\/uploads\/2024\/11\/Olinto_Falai-802x2048.jpg 802w, https:\/\/www.falai.it\/wp-content\/uploads\/2024\/11\/Olinto_Falai.jpg 842w\" sizes=\"(max-width: 401px) 100vw, 401px\" \/><figcaption class=\"wp-element-caption\">Olinto Falai<\/figcaption><\/figure>\n\n\n\n<p>Fin dalla sua nascita lo studio ha avuto radici profonde nel cuore di Firenze e la prima sede \u00e8 stata in Piazza Signoria, a Palazzo Gondi. Da quasi novant&#8217;anni si \u00e8 dedicato alla gestione patrimoniale di numerosi immobili, servendo una clientela che, fin dalle origini, comprendeva proprietari di interi stabili e prestigiose unit\u00e0 immobiliari. Ancora oggi molti dei clienti storici continuano a riporre fiducia nel nostro operato, anche con le nuove generazioni alle quali hanno trasmesso il loro patrimonio.<\/p>\n\n\n\n<p>Negli archivi dello studio sono custoditi documenti che testimoniano momenti significativi della storia italiana, dal fascismo, alla guerra e all&#8217;alluvione del 1966. Questi documenti non solo raccontano l&#8217;evoluzione dello studio, ma anche il contesto in cui si operava. <\/p>\n\n\n\n<p>Subito dopo la guerra, la sede si sposta in Via Isola delle Stinche, dove l&#8217;attivit\u00e0 di gestione affitti si espande con la nascita dei primi condomini gestiti da &#8220;amministratori professionisti&#8221;. In questo periodo, Bruno Falai, figlio di Olinto, entra a lavorare con il padre.<\/p>\n\n\n\n<figure class=\"wp-block-image size-full is-resized\"><img loading=\"lazy\" decoding=\"async\" width=\"462\" height=\"72\" src=\"https:\/\/www.falai.it\/wp-content\/uploads\/2024\/10\/Elenco-tel-Stinche.jpg\" alt=\"\" class=\"wp-image-239\" style=\"width:376px;height:auto\" srcset=\"https:\/\/www.falai.it\/wp-content\/uploads\/2024\/10\/Elenco-tel-Stinche.jpg 462w, https:\/\/www.falai.it\/wp-content\/uploads\/2024\/10\/Elenco-tel-Stinche-300x47.jpg 300w\" sizes=\"(max-width: 462px) 100vw, 462px\" \/><\/figure>\n\n\n\n<figure class=\"wp-block-image size-large is-resized is-style-default\"><img loading=\"lazy\" decoding=\"async\" width=\"713\" height=\"1024\" src=\"https:\/\/www.falai.it\/wp-content\/uploads\/2024\/10\/Stinche-713x1024.jpg\" alt=\"\" class=\"wp-image-240\" style=\"width:375px;height:auto\" srcset=\"https:\/\/www.falai.it\/wp-content\/uploads\/2024\/10\/Stinche-713x1024.jpg 713w, https:\/\/www.falai.it\/wp-content\/uploads\/2024\/10\/Stinche-209x300.jpg 209w, https:\/\/www.falai.it\/wp-content\/uploads\/2024\/10\/Stinche-768x1103.jpg 768w, https:\/\/www.falai.it\/wp-content\/uploads\/2024\/10\/Stinche-1070x1536.jpg 1070w, https:\/\/www.falai.it\/wp-content\/uploads\/2024\/10\/Stinche-1426x2048.jpg 1426w, https:\/\/www.falai.it\/wp-content\/uploads\/2024\/10\/Stinche-scaled.jpg 1783w\" sizes=\"(max-width: 713px) 100vw, 713px\" \/><figcaption class=\"wp-element-caption\"><em>Immobile di Via Isola delle Stinche<\/em> 3 e numero telefonico sull&#8217;elenco dell&#8217;epoca<\/figcaption><\/figure>\n\n\n\n<p>Nel 1965 lo studio si trasferisce in Via Pellicceria, attuale sede, mantenendo sempre la presenza nel centro storico di Firenze. \u00c8 in questi anni che anche i nipoti di Olinto, Federico e Fiorella, iniziano a collaborare attivamente, portando fresche idee e innovazioni nella gestione del lavoro.<\/p>\n\n\n\n<p>Nei primi anni 2000, anche la quarta generazione inizia a lavorare in studio: Annachiara Falai, figlia di Federico, laureata in architettura e iscritta all&#8217;albo di Firenze, e Lucia Crescioli, figlia di Fiorella, laureata in lingue e iscritta all&#8217;albo dei mediatori immobiliari di Firenze.<\/p>\n\n\n\n<figure class=\"wp-block-image size-full is-resized\"><img loading=\"lazy\" decoding=\"async\" width=\"725\" height=\"760\" src=\"https:\/\/www.falai.it\/wp-content\/uploads\/2024\/10\/Pellicceria-2.jpg\" alt=\"\" class=\"wp-image-243\" style=\"width:484px;height:auto\" srcset=\"https:\/\/www.falai.it\/wp-content\/uploads\/2024\/10\/Pellicceria-2.jpg 725w, https:\/\/www.falai.it\/wp-content\/uploads\/2024\/10\/Pellicceria-2-286x300.jpg 286w\" sizes=\"(max-width: 725px) 100vw, 725px\" \/><figcaption class=\"wp-element-caption\">Via Pellicceria 10 con lapide della Divina Commedia in facciata<\/figcaption><\/figure>\n\n\n\n<h3 class=\"wp-block-heading\">Evoluzione e Specializzazione<\/h3>\n\n\n\n<p>Gli anni successivi all&#8217;alluvione del 1966 vedono lo studio impegnato nella coordinazione dei lavori di risanamento e pulizia, rispondendo alle correnti esigenze dei clienti. Con il passare del tempo, l&#8217;importanza della gestione di locazioni immobiliari e l&#8217;amministrazione dei condomini cresce, portando ad un aumento della clientela. Negli ultimi anni \u00e8 stato  scelto di focalizzare l&#8217;attivit\u00e0 sulla gestione patrimoniale, specializzandoci in contratti di affitto e manutenzione degli immobili. <\/p>\n\n\n\n<figure class=\"wp-block-image size-full is-resized\"><img loading=\"lazy\" decoding=\"async\" width=\"444\" height=\"336\" src=\"https:\/\/www.falai.it\/wp-content\/uploads\/2024\/11\/Alluvione.jpg\" alt=\"\" class=\"wp-image-347\" style=\"width:540px;height:auto\" srcset=\"https:\/\/www.falai.it\/wp-content\/uploads\/2024\/11\/Alluvione.jpg 444w, https:\/\/www.falai.it\/wp-content\/uploads\/2024\/11\/Alluvione-300x227.jpg 300w\" sizes=\"(max-width: 444px) 100vw, 444px\" \/><figcaption class=\"wp-element-caption\">Piazza della Repubblica durante l&#8217;alluvione del 1966<\/figcaption><\/figure>\n\n\n\n<h3 class=\"wp-block-heading\">Il Nostro Impegno<\/h3>\n\n\n\n<p>Il nostro obiettivo \u00e8 continuare a fornire un servizio di alta qualit\u00e0, combinando esperienza e professionalit\u00e0 con una visione innovativa. Siamo orgogliosi della nostra lunga storia e della fiducia che i nostri clienti ci accordano, e ci impegniamo a mantenere standard elevati nella gestione dei loro patrimoni immobiliari.<\/p>\n","protected":false},"excerpt":{"rendered":"<p>Lo Studio Falai s.r.l. \u00e8 uno studio di amministrazione e gestione di patrimoni immobiliari situato a Firenze, con una storia che risale al 1935. Fondato da Olinto Falai, lo studio \u00e8 ora giunto alla quarta generazione, mantenendo una reputazione di affidabilit\u00e0 e professionalit\u00e0. Sin dalla sua fondazione, lo Studio Falai ha costruito una solida base &hellip; <\/p>\n<p class=\"link-more\"><a href=\"https:\/\/www.falai.it\/?page_id=176\" class=\"more-link\">Leggi tutto<span class=\"screen-reader-text\"> &#8220;Un po&#8217; di storia&#8230;&#8221;<\/span><\/a><\/p>\n","protected":false},"author":1,"featured_media":0,"parent":0,"menu_order":0,"comment_status":"closed","ping_status":"closed","template":"","meta":{"footnotes":""},"class_list":["post-176","page","type-page","status-publish","hentry"],"_links":{"self":[{"href":"https:\/\/www.falai.it\/index.php?rest_route=\/wp\/v2\/pages\/176"}],"collection":[{"href":"https:\/\/www.falai.it\/index.php?rest_route=\/wp\/v2\/pages"}],"about":[{"href":"https:\/\/www.falai.it\/index.php?rest_route=\/wp\/v2\/types\/page"}],"author":[{"embeddable":true,"href":"https:\/\/www.falai.it\/index.php?rest_route=\/wp\/v2\/users\/1"}],"replies":[{"embeddable":true,"href":"https:\/\/www.falai.it\/index.php?rest_route=%2Fwp%2Fv2%2Fcomments&post=176"}],"version-history":[{"count":17,"href":"https:\/\/www.falai.it\/index.php?rest_route=\/wp\/v2\/pages\/176\/revisions"}],"predecessor-version":[{"id":382,"href":"https:\/\/www.falai.it\/index.php?rest_route=\/wp\/v2\/pages\/176\/revisions\/382"}],"wp:attachment":[{"href":"https:\/\/www.falai.it\/index.php?rest_route=%2Fwp%2Fv2%2Fmedia&parent=176"}],"curies":[{"name":"wp","href":"https:\/\/api.w.org\/{rel}","templated":true}]}}