{"id":39,"date":"2020-03-27T18:13:30","date_gmt":"2020-03-27T18:13:30","guid":{"rendered":"https:\/\/www.falai.it\/?page_id=39"},"modified":"2024-11-28T15:17:31","modified_gmt":"2024-11-28T15:17:31","slug":"amministriamo-i-tuoi-immobili","status":"publish","type":"page","link":"https:\/\/www.falai.it\/","title":{"rendered":"AMMINISTRIAMO I TUOI IMMOBILI"},"content":{"rendered":"\n<p>Il nostro studio si occupa della gestione di patrimoni immobiliari di privati e societ\u00e0 principalmente nella citt\u00e0 di Firenze e area metropolitana.<\/p>\n\n\n\n<p>Il nostro operato si sintetizza brevemente nelle seguenti attivit\u00e0:<\/p>\n\n\n\n<ul class=\"wp-block-list\">\n<li>Amministrazione di patrimoni immobiliari con gestione incassi e spese<\/li>\n\n\n\n<li>Consulenza e assistenza in materia condominiale e locativa<\/li>\n\n\n\n<li>Stipula di contratti di locazione<\/li>\n\n\n\n<li>Stima affitti e calcolo canoni concordati<\/li>\n<\/ul>\n\n\n\n<p>Alla storica attivit\u00e0 si affiancano da qualche anno i seguenti servizi con l&#8217;apporto dei soci e professionisti Lucia Crescioli e Annachiara Falai:<\/p>\n\n\n\n<ul class=\"wp-block-list\">\n<li>Intermediazione immobiliare su affitti e compravendite, stime e valutazioni<\/li>\n\n\n\n<li>Progettazione interna, studi preliminari, pratiche amministrative, progetto esecutivo e direzione lavori<\/li>\n\n\n\n<li>Pratiche catastali, redazione APE, relazioni tecniche per contratti di compravendita<\/li>\n<\/ul>\n\n\n\n<figure class=\"wp-block-image size-full\"><img loading=\"lazy\" decoding=\"async\" width=\"827\" height=\"237\" src=\"https:\/\/www.falai.it\/wp-content\/uploads\/2024\/09\/santa-croce-nuovo.jpg\" alt=\"\" class=\"wp-image-193\" srcset=\"https:\/\/www.falai.it\/wp-content\/uploads\/2024\/09\/santa-croce-nuovo.jpg 827w, https:\/\/www.falai.it\/wp-content\/uploads\/2024\/09\/santa-croce-nuovo-300x86.jpg 300w, https:\/\/www.falai.it\/wp-content\/uploads\/2024\/09\/santa-croce-nuovo-768x220.jpg 768w\" sizes=\"(max-width: 706px) 89vw, (max-width: 767px) 82vw, 740px\" \/><\/figure>\n\n\n\n<p><em>                                                                                                              <\/em><\/p>\n\n\n\n<p><\/p>\n\n\n\n<p class=\"has-text-align-right\">                                                                                                                           <em>(sito web creato da Cristina Chiti)<\/em><\/p>\n\n\n\n<p><\/p>\n","protected":false},"excerpt":{"rendered":"<p>Il nostro studio si occupa della gestione di patrimoni immobiliari di privati e societ\u00e0 principalmente nella citt\u00e0 di Firenze e area metropolitana. Il nostro operato si sintetizza brevemente nelle seguenti attivit\u00e0: Alla storica attivit\u00e0 si affiancano da qualche anno i seguenti servizi con l&#8217;apporto dei soci e professionisti Lucia Crescioli e Annachiara Falai: (sito web &hellip; <\/p>\n<p class=\"link-more\"><a href=\"https:\/\/www.falai.it\/\" class=\"more-link\">Leggi tutto<span class=\"screen-reader-text\"> &#8220;AMMINISTRIAMO I TUOI IMMOBILI&#8221;<\/span><\/a><\/p>\n","protected":false},"author":1,"featured_media":0,"parent":0,"menu_order":0,"comment_status":"closed","ping_status":"closed","template":"","meta":{"footnotes":""},"class_list":["post-39","page","type-page","status-publish","hentry"],"_links":{"self":[{"href":"https:\/\/www.falai.it\/index.php?rest_route=\/wp\/v2\/pages\/39"}],"collection":[{"href":"https:\/\/www.falai.it\/index.php?rest_route=\/wp\/v2\/pages"}],"about":[{"href":"https:\/\/www.falai.it\/index.php?rest_route=\/wp\/v2\/types\/page"}],"author":[{"embeddable":true,"href":"https:\/\/www.falai.it\/index.php?rest_route=\/wp\/v2\/users\/1"}],"replies":[{"embeddable":true,"href":"https:\/\/www.falai.it\/index.php?rest_route=%2Fwp%2Fv2%2Fcomments&post=39"}],"version-history":[{"count":9,"href":"https:\/\/www.falai.it\/index.php?rest_route=\/wp\/v2\/pages\/39\/revisions"}],"predecessor-version":[{"id":376,"href":"https:\/\/www.falai.it\/index.php?rest_route=\/wp\/v2\/pages\/39\/revisions\/376"}],"wp:attachment":[{"href":"https:\/\/www.falai.it\/index.php?rest_route=%2Fwp%2Fv2%2Fmedia&parent=39"}],"curies":[{"name":"wp","href":"https:\/\/api.w.org\/{rel}","templated":true}]}}